{"id":9,"date":"2022-06-13T11:09:20","date_gmt":"2022-06-13T11:09:20","guid":{"rendered":"https:\/\/sscid.org\/?page_id=9"},"modified":"2022-12-03T08:36:20","modified_gmt":"2022-12-03T08:36:20","slug":"apporter-son-expertise-2","status":"publish","type":"page","link":"https:\/\/sscid.org\/index.php\/apporter-son-expertise-2\/","title":{"rendered":"Apporter son expertise"},"content":{"rendered":"\t\t<div data-elementor-type=\"wp-post\" data-elementor-id=\"9\" class=\"elementor elementor-9\" data-elementor-post-type=\"page\">\n\t\t\t\t\t\t<section class=\"elementor-section elementor-top-section elementor-element elementor-element-8d41321 elementor-section-boxed elementor-section-height-default elementor-section-height-default\" data-id=\"8d41321\" data-element_type=\"section\">\n\t\t\t\t\t\t<div class=\"elementor-container elementor-column-gap-default\">\n\t\t\t\t\t<div class=\"elementor-column elementor-col-100 elementor-top-column elementor-element elementor-element-8836b9c\" data-id=\"8836b9c\" data-element_type=\"column\">\n\t\t\t<div class=\"elementor-widget-wrap elementor-element-populated\">\n\t\t\t\t\t\t<div class=\"elementor-element elementor-element-60fdfa3 elementor-widget elementor-widget-heading\" data-id=\"60fdfa3\" data-element_type=\"widget\" data-widget_type=\"heading.default\">\n\t\t\t\t<div class=\"elementor-widget-container\">\n\t\t\t<h5 class=\"elementor-heading-title elementor-size-default\">Le m\u00e9c\u00e9nat de comp\u00e9tences<\/h5>\t\t<\/div>\n\t\t\t\t<\/div>\n\t\t\t\t<div class=\"elementor-element elementor-element-21f0887 elementor-widget elementor-widget-text-editor\" data-id=\"21f0887\" data-element_type=\"widget\" data-widget_type=\"text-editor.default\">\n\t\t\t\t<div class=\"elementor-widget-container\">\n\t\t\t\t\t\t\t<span style=\"color:#000;\">Un particulier ou une entreprise peut collaborer avec nos \u00e9quipes au si\u00e8ge et sur le terrain sur des projets \u00e0 court et \u00e0 moyen termes. L\u2019opportunit\u00e9 pour eux de travailler dans un environnement diff\u00e9rent et enrichissant. L\u2019opportunit\u00e9 pour vous de communiquer aupr\u00e8s de vos clients et de toutes vos parties prenantes sur un partenariat impactant et gagnant-gagnant.<\/span>\n\n<span style=\"color:#000;\">Pour SScID, c\u2019est la possibilit\u00e9 d\u2019\u00e9toffer une \u00e9quipe, de d\u00e9velopper une nouvelle activit\u00e9, de b\u00e9n\u00e9ficier d\u2019expertises ponctuelles, d\u2019am\u00e9liorer son organisation\u2026 <\/span>\n\n<span style=\"color:#000;\">Si vous \u00eates int\u00e9ress\u00e9, contactez nous sur <a href=\"info@sscid.org\">info@sscid.org<\/a><\/span>\t\t\t\t\t\t<\/div>\n\t\t\t\t<\/div>\n\t\t\t\t\t<\/div>\n\t\t<\/div>\n\t\t\t\t\t<\/div>\n\t\t<\/section>\n\t\t\t\t<section class=\"elementor-section elementor-top-section elementor-element elementor-element-25a159d elementor-section-boxed elementor-section-height-default elementor-section-height-default\" data-id=\"25a159d\" data-element_type=\"section\">\n\t\t\t\t\t\t<div class=\"elementor-container elementor-column-gap-default\">\n\t\t\t\t\t<div class=\"elementor-column elementor-col-50 elementor-top-column elementor-element elementor-element-679f591\" data-id=\"679f591\" data-element_type=\"column\">\n\t\t\t<div class=\"elementor-widget-wrap\">\n\t\t\t\t\t\t\t<\/div>\n\t\t<\/div>\n\t\t\t\t<div class=\"elementor-column elementor-col-50 elementor-top-column elementor-element elementor-element-e46733b\" data-id=\"e46733b\" data-element_type=\"column\">\n\t\t\t<div class=\"elementor-widget-wrap\">\n\t\t\t\t\t\t\t<\/div>\n\t\t<\/div>\n\t\t\t\t\t<\/div>\n\t\t<\/section>\n\t\t\t\t<\/div>\n\t\t","protected":false},"excerpt":{"rendered":"<p>Le m\u00e9c\u00e9nat de comp\u00e9tences Un particulier ou une entreprise peut collaborer avec nos \u00e9quipes au si\u00e8ge et sur le terrain sur des projets \u00e0 court et \u00e0 moyen termes. L\u2019opportunit\u00e9 pour eux de travailler dans un environnement diff\u00e9rent et enrichissant. L\u2019opportunit\u00e9 pour vous de communiquer aupr\u00e8s de vos clients et de toutes vos parties prenantes [&hellip;]<\/p>\n","protected":false},"author":1,"featured_media":0,"parent":0,"menu_order":0,"comment_status":"closed","ping_status":"closed","template":"","meta":{"footnotes":""},"class_list":["post-9","page","type-page","status-publish","hentry"],"_links":{"self":[{"href":"https:\/\/sscid.org\/index.php\/wp-json\/wp\/v2\/pages\/9","targetHints":{"allow":["GET"]}}],"collection":[{"href":"https:\/\/sscid.org\/index.php\/wp-json\/wp\/v2\/pages"}],"about":[{"href":"https:\/\/sscid.org\/index.php\/wp-json\/wp\/v2\/types\/page"}],"author":[{"embeddable":true,"href":"https:\/\/sscid.org\/index.php\/wp-json\/wp\/v2\/users\/1"}],"replies":[{"embeddable":true,"href":"https:\/\/sscid.org\/index.php\/wp-json\/wp\/v2\/comments?post=9"}],"version-history":[{"count":6,"href":"https:\/\/sscid.org\/index.php\/wp-json\/wp\/v2\/pages\/9\/revisions"}],"predecessor-version":[{"id":6836,"href":"https:\/\/sscid.org\/index.php\/wp-json\/wp\/v2\/pages\/9\/revisions\/6836"}],"wp:attachment":[{"href":"https:\/\/sscid.org\/index.php\/wp-json\/wp\/v2\/media?parent=9"}],"curies":[{"name":"wp","href":"https:\/\/api.w.org\/{rel}","templated":true}]}}