{"id":6197,"date":"2022-06-24T14:22:17","date_gmt":"2022-06-24T14:22:17","guid":{"rendered":"https:\/\/sscid.org\/?page_id=6197"},"modified":"2022-12-01T10:24:35","modified_gmt":"2022-12-01T10:24:35","slug":"groupe-de-jeunes-leaders","status":"publish","type":"page","link":"https:\/\/sscid.org\/index.php\/groupe-de-jeunes-leaders\/","title":{"rendered":"Groupe de jeunes leaders"},"content":{"rendered":"\t\t<div data-elementor-type=\"wp-page\" data-elementor-id=\"6197\" class=\"elementor elementor-6197\" data-elementor-post-type=\"page\">\n\t\t\t\t\t\t<section class=\"elementor-section elementor-top-section elementor-element elementor-element-2443cb4d elementor-section-stretched elementor-section-content-middle elementor-section-boxed elementor-section-height-default elementor-section-height-default\" data-id=\"2443cb4d\" data-element_type=\"section\" data-settings=\"{&quot;stretch_section&quot;:&quot;section-stretched&quot;}\">\n\t\t\t\t\t\t<div class=\"elementor-container elementor-column-gap-default\">\n\t\t\t\t\t<div class=\"elementor-column elementor-col-50 elementor-top-column elementor-element elementor-element-7173afc7\" data-id=\"7173afc7\" data-element_type=\"column\">\n\t\t\t<div class=\"elementor-widget-wrap elementor-element-populated\">\n\t\t\t\t\t\t<div class=\"elementor-element elementor-element-60cae39 elementor-widget elementor-widget-heading\" data-id=\"60cae39\" data-element_type=\"widget\" data-widget_type=\"heading.default\">\n\t\t\t\t<div class=\"elementor-widget-container\">\n\t\t\t<h3 class=\"elementor-heading-title elementor-size-default\">Jeunes leaders de demain<\/h3>\t\t<\/div>\n\t\t\t\t<\/div>\n\t\t\t\t<div class=\"elementor-element elementor-element-21f55429 elementor-widget elementor-widget-text-editor\" data-id=\"21f55429\" data-element_type=\"widget\" data-widget_type=\"text-editor.default\">\n\t\t\t\t<div class=\"elementor-widget-container\">\n\t\t\t\t\t\t\t<p align=\"justify\">Le groupe est ouvert \u00e0 tous les \u00e9tudiants et jeunes dipl\u00f4m\u00e9s de moins de 30 ans qui orientent leur carri\u00e8re vers la s\u00e9curit\u00e9, les sciences &amp; technologies et la diplomatie et qui souhaitent s\u2019engager activement dans des projets qui transforment l\u2019Afrique et am\u00e9liorent le bien-\u00eatre de ses populations.<\/p>\t\t\t\t\t\t<\/div>\n\t\t\t\t<\/div>\n\t\t\t\t<div class=\"elementor-element elementor-element-509360c6 elementor-widget elementor-widget-premium-addon-button\" data-id=\"509360c6\" data-element_type=\"widget\" data-widget_type=\"premium-addon-button.default\">\n\t\t\t\t<div class=\"elementor-widget-container\">\n\t\t\t\r\n\r\n\t\t<a class=\"premium-button premium-button-style5 premium-btn-lg premium-button-style5-radialin\" href=\"https:\/\/sscid.org\/index.php\/contacts\/\" target=\"_blank\">\r\n\t\t\t<div class=\"premium-button-text-icon-wrapper\">\r\n\t\t\t\t\t\t\t\t<span >\r\n\t\t\t\t\tContactez-nous\t\t\t\t<\/span>\r\n\t\t\t\t\t\t\t<\/div>\r\n\t\t\t\t\t\t\t\t<\/a>\r\n\r\n\r\n\t\t\t\t<\/div>\n\t\t\t\t<\/div>\n\t\t\t\t\t<\/div>\n\t\t<\/div>\n\t\t\t\t<div class=\"elementor-column elementor-col-50 elementor-top-column elementor-element elementor-element-73dfe69d\" data-id=\"73dfe69d\" data-element_type=\"column\">\n\t\t\t<div class=\"elementor-widget-wrap elementor-element-populated\">\n\t\t\t\t\t\t<div class=\"elementor-element elementor-element-6fb6fb3 elementor-widget elementor-widget-premium-addon-banner\" data-id=\"6fb6fb3\" data-element_type=\"widget\" data-widget_type=\"premium-addon-banner.default\">\n\t\t\t\t<div class=\"elementor-widget-container\">\n\t\t\t\t\t<div class=\"premium-banner-ib premium-banner-min-height premium-banner-animation7 none\">\r\n\t\t\t\t\t\t\t<div class=\"premium-banner-border\">\r\n\t\t\t\t\t<div class=\"premium-banner-br premium-banner-bleft premium-banner-brlr\"><\/div>\r\n\t\t\t\t\t<div class=\"premium-banner-br premium-banner-bright premium-banner-brlr\"><\/div>\r\n\t\t\t\t\t<div class=\"premium-banner-br premium-banner-btop premium-banner-brtb\"><\/div>\r\n\t\t\t\t\t<div class=\"premium-banner-br premium-banner-bottom premium-banner-brtb\"><\/div>\r\n\t\t\t\t<\/div>\r\n\t\t\t\t\t\t\t\t\t\t\t\t\t\t\t<img fetchpriority=\"high\" decoding=\"async\" width=\"2514\" height=\"2560\" src=\"https:\/\/sscid.org\/wp-content\/uploads\/2022\/12\/team-young-african-people-men-women-with-laptop-2-scaled.jpg\" class=\"attachment-full size-full wp-image-6688\" alt=\"\" srcset=\"https:\/\/sscid.org\/wp-content\/uploads\/2022\/12\/team-young-african-people-men-women-with-laptop-2-scaled.jpg 2514w, https:\/\/sscid.org\/wp-content\/uploads\/2022\/12\/team-young-african-people-men-women-with-laptop-2-scaled-1080x1100.jpg 1080w, https:\/\/sscid.org\/wp-content\/uploads\/2022\/12\/team-young-african-people-men-women-with-laptop-2-295x300.jpg 295w, https:\/\/sscid.org\/wp-content\/uploads\/2022\/12\/team-young-african-people-men-women-with-laptop-2-1006x1024.jpg 1006w, https:\/\/sscid.org\/wp-content\/uploads\/2022\/12\/team-young-african-people-men-women-with-laptop-2-768x782.jpg 768w, https:\/\/sscid.org\/wp-content\/uploads\/2022\/12\/team-young-african-people-men-women-with-laptop-2-1508x1536.jpg 1508w, https:\/\/sscid.org\/wp-content\/uploads\/2022\/12\/team-young-african-people-men-women-with-laptop-2-2011x2048.jpg 2011w\" sizes=\"(max-width: 2514px) 100vw, 2514px\" \/>\t\t\t\t\t\t\t\t\t\t<div class=\"premium-banner-ib-desc\">\r\n\t\t\t\t\t\t\t\t\t<div class=\"premium-banner-desc-centered\">\r\n\t\t\t\t\t\t\t\t\t<h3 class=\"premium-banner-ib-title premium_banner_title\">Fondation SSCID<\/h3>\t\t\t\t\t\t<div class=\"premium-banner-ib-content premium_banner_content\">\r\n\t\t\t\t\t\t\t<h2 style=\"color:white\"><b>Les jeunes leaders d&#8217;Afrique !<\/b> <\/h2>\t\t\t\t\t\t<\/div>\r\n\t\t\t\t\t\t\t\t\t\t\t\t\t\t\t\t\t\t<\/div>\r\n\t\t\t\t\t\t\t<\/div>\r\n\t\t\t\t\t<\/div>\r\n\t\t\t\t\t\t<\/div>\n\t\t\t\t<\/div>\n\t\t\t\t\t<\/div>\n\t\t<\/div>\n\t\t\t\t\t<\/div>\n\t\t<\/section>\n\t\t\t\t<\/div>\n\t\t","protected":false},"excerpt":{"rendered":"<p>Jeunes leaders de demain Le groupe est ouvert \u00e0 tous les \u00e9tudiants et jeunes dipl\u00f4m\u00e9s de moins de 30 ans qui orientent leur carri\u00e8re vers la s\u00e9curit\u00e9, les sciences &amp; technologies et la diplomatie et qui souhaitent s\u2019engager activement dans des projets qui transforment l\u2019Afrique et am\u00e9liorent le bien-\u00eatre de ses populations. Contactez-nous Fondation SSCID [&hellip;]<\/p>\n","protected":false},"author":2,"featured_media":6392,"parent":0,"menu_order":0,"comment_status":"closed","ping_status":"closed","template":"","meta":{"footnotes":""},"class_list":["post-6197","page","type-page","status-publish","has-post-thumbnail","hentry"],"_links":{"self":[{"href":"https:\/\/sscid.org\/index.php\/wp-json\/wp\/v2\/pages\/6197","targetHints":{"allow":["GET"]}}],"collection":[{"href":"https:\/\/sscid.org\/index.php\/wp-json\/wp\/v2\/pages"}],"about":[{"href":"https:\/\/sscid.org\/index.php\/wp-json\/wp\/v2\/types\/page"}],"author":[{"embeddable":true,"href":"https:\/\/sscid.org\/index.php\/wp-json\/wp\/v2\/users\/2"}],"replies":[{"embeddable":true,"href":"https:\/\/sscid.org\/index.php\/wp-json\/wp\/v2\/comments?post=6197"}],"version-history":[{"count":42,"href":"https:\/\/sscid.org\/index.php\/wp-json\/wp\/v2\/pages\/6197\/revisions"}],"predecessor-version":[{"id":6697,"href":"https:\/\/sscid.org\/index.php\/wp-json\/wp\/v2\/pages\/6197\/revisions\/6697"}],"wp:featuredmedia":[{"embeddable":true,"href":"https:\/\/sscid.org\/index.php\/wp-json\/wp\/v2\/media\/6392"}],"wp:attachment":[{"href":"https:\/\/sscid.org\/index.php\/wp-json\/wp\/v2\/media?parent=6197"}],"curies":[{"name":"wp","href":"https:\/\/api.w.org\/{rel}","templated":true}]}}