{"id":6189,"date":"2022-06-24T13:29:48","date_gmt":"2022-06-24T13:29:48","guid":{"rendered":"https:\/\/sscid.org\/?page_id=6189"},"modified":"2022-12-03T07:22:53","modified_gmt":"2022-12-03T07:22:53","slug":"gouvernance","status":"publish","type":"page","link":"https:\/\/sscid.org\/index.php\/gouvernance\/","title":{"rendered":"Gouvernance"},"content":{"rendered":"\t\t<div data-elementor-type=\"wp-page\" data-elementor-id=\"6189\" class=\"elementor elementor-6189\" data-elementor-post-type=\"page\">\n\t\t\t\t\t\t<section class=\"elementor-section elementor-top-section elementor-element elementor-element-68d8e15 elementor-section-boxed elementor-section-height-default elementor-section-height-default\" data-id=\"68d8e15\" data-element_type=\"section\" data-settings=\"{&quot;background_background&quot;:&quot;classic&quot;}\">\n\t\t\t\t\t\t<div class=\"elementor-container elementor-column-gap-default\">\n\t\t\t\t\t<div class=\"elementor-column elementor-col-100 elementor-top-column elementor-element elementor-element-09917d8\" data-id=\"09917d8\" data-element_type=\"column\">\n\t\t\t<div class=\"elementor-widget-wrap elementor-element-populated\">\n\t\t\t\t\t\t<div class=\"elementor-element elementor-element-81c5abe elementor-widget elementor-widget-spacer\" data-id=\"81c5abe\" data-element_type=\"widget\" data-widget_type=\"spacer.default\">\n\t\t\t\t<div class=\"elementor-widget-container\">\n\t\t\t\t\t<div class=\"elementor-spacer\">\n\t\t\t<div class=\"elementor-spacer-inner\"><\/div>\n\t\t<\/div>\n\t\t\t\t<\/div>\n\t\t\t\t<\/div>\n\t\t\t\t<div class=\"elementor-element elementor-element-521c851 elementor-widget elementor-widget-text-editor\" data-id=\"521c851\" data-element_type=\"widget\" data-widget_type=\"text-editor.default\">\n\t\t\t\t<div class=\"elementor-widget-container\">\n\t\t\t\t\t\t\t<p style=\"color: #000;\">Pour assurer l\u2019efficacit\u00e9 de son action et la p\u00e9rennit\u00e9 de sa mission, la gouvernance de la fondation SScID est organis\u00e9e autour d\u2019une \u00e9quipe de permanents.\u00a0Le conseil de fondation et le conseil d&#8217;administration permettent d&#8217;assurer la p\u00e9rennit\u00e9 de sa mission.\nLes trois organes de gouvernance de la fondation SScID :<\/p>\t\t\t\t\t\t<\/div>\n\t\t\t\t<\/div>\n\t\t\t\t<div class=\"elementor-element elementor-element-9fdcbd0 elementor-widget elementor-widget-text-editor\" data-id=\"9fdcbd0\" data-element_type=\"widget\" data-widget_type=\"text-editor.default\">\n\t\t\t\t<div class=\"elementor-widget-container\">\n\t\t\t\t\t\t\t<h5 style=\"color: #000;\">I \u2013 le conseil d\u2019administration<\/h5>\n<ul style=\"color: #000;\">\n \t<li style=\"margin-top: -10px;\">Il d\u00e9finit les orientations strat\u00e9giques de la Fondation et veille \u00e0 la bonne gestion de la Fondation ;<\/li>\n \t<li style=\"color: #000; margin-top: -10px;\">Il valide les projets de m\u00e9c\u00e9nat financier sollicitant un soutien financier.<\/li>\n<\/ul>\n\u200b\n<p style=\"color: #000; margin-top: -40px;\">Le conseil d\u2019administration se r\u00e9unit deux fois par an sous la pr\u00e9sidence du Dr ZERBO Lassina, Pr\u00e9sident de la Fondation. Le Dr Zerbo, est l\u2019ancien Premier ministre du Burkina Faso et le pr\u00e9sident du Conseil d\u2019Administration du Rwanda Atomic Energy Board et pr\u00e9sident du Conseil consultatif ex\u00e9cutif pour l\u2019Afrique de NANO Nuclear.<\/p>\n\n<h5 style=\"color: #000;\">II &#8211; Le conseil de fondation<\/h5>\n<p style=\"color: #000;\">Le Conseil de Fondation est compos\u00e9 des fondateurs suivants\u00a0:<\/p>\n\n<ul style=\"color: #000;\">\n \t<li style=\"color: #000; margin-top: -20px;\"><strong><span>BAMOGO Abdoulaye, <\/span><\/strong><span>Directeur G\u00e9n\u00e9ral et fondateur de BBC &amp; Partners \u2013 Burkina Faso\/France<\/span><\/li>\n \t<li style=\"color: #000; margin-top: -10px;\"><strong><span>BAYALA Balibi\u00e9 Serge Auguste<\/span><\/strong><span>, Directeur g\u00e9n\u00e9ral du CESAG \u2013 S\u00e9n\u00e9gal<\/span><\/li>\n \t<li style=\"color: #000; margin-top: -10px;\"><strong><span>BOUDA V\u00e9ronique Estelle<\/span><\/strong><span>, Directrice financi\u00e8re de banque, Burkina Faso<\/span><\/li>\n \t<li style=\"color: #000; margin-top: -10px;\"><strong><span>BOYARM Aristide Aly, <\/span><\/strong><span>Associ\u00e9 g\u00e9rant et fondateur d\u2019AfricaCRM&amp;SI \u2013 Burkina Faso\/ France<\/span><\/li>\n \t<li style=\"color: #000; margin-top: -10px;\"><strong><span>DIALLO Ass\u00e9tou<\/span><\/strong><span>, Enseignante chercheuse &#8212; France<\/span><\/li>\n \t<li style=\"color: #000; margin-top: -10px;\"><strong>GANAME Abdoul Karim<\/strong>, Fondateur StreamScan \u2013 Canada<\/li>\n \t<li style=\"color: #000; margin-top: -10px;\"><strong><span>KOLOGO Souleymane<\/span><\/strong><span> , Enseignant chercheur, Universit\u00e9 Joseph Ki-Zerbo de Ouagadougou \u2013 Burkina Faso<\/span><\/li>\n \t<li style=\"color: #000; margin-top: -10px;\"><strong><span>SANOGO Oumar<\/span><\/strong><span>, Directeur de recherche en \u00e9nergie \u2013 Burkina Faso<\/span><\/li>\n \t<li style=\"color: #000; margin-top: -10px;\"><strong><span>SARR Elhadji Malick<\/span><\/strong><span> , Expert de la Francophonie institutionnelle et ancien ambassadeur de l\u2019OIF \u00e0 Madagascar \u2013 Burkina Faso\/France<\/span><\/li>\n \t<li style=\"color: #000; margin-top: -10px;\"><strong><span>ROUAMBA\/OUEDRAOGO Claudine Val\u00e9rie<\/span><\/strong><span>, Enseignante chercheuse, Universit\u00e9 Joseph Ki-Zerbo de Ouagadougou \u2013 Burkina Faso<\/span><\/li>\n \t<li style=\"color: #000; margin-top: -10px;\"><strong><span>TRAORE Aurokiatou, <\/span><\/strong><span>Socio-anthropologue du d\u00e9veloppement au SNV <\/span><span>\u2013 Burkina Faso<\/span><\/li>\n \t<li style=\"color: #000; margin-top: -10px;\"><strong><span>YAGUIBOU Josiane<\/span><\/strong><span>, Repr\u00e9sentante r\u00e9sidente au Fonds des Nations Unies pour la population (UNFPA) \u2013 Togo<\/span><\/li>\n<\/ul>\n<p style=\"color: #000; margin-top: -10px;\">Le Conseil de Fondation est investi des pouvoirs les plus \u00e9tendus pour g\u00e9rer la Fondation et autoriser tout acte ou op\u00e9ration entrant dans le cadre de l\u2019ex\u00e9cution de l&#8217;objet de la Fondation.<\/p>\n<p style=\"color: #000; margin-top: -10px;\"><\/p>\n\n<h5 style=\"color: #000;\">III \u2013 L\u2019\u00e9quipe op\u00e9rationnelle<\/h5>\n<p style=\"color: #000; padding-bottom: -40px;\">Ses missions\u00a0:<\/p>\n\n<ul style=\"color: #000;\">\n \t<li style=\"color: #000; margin-top: -10px;\">Elle s\u00e9lectionne les projets, les instruit et \u00e9labore les partenariats ;<\/li>\n \t<li style=\"color: #000; margin-top: -10px;\">Elle suit l\u2019avancement des projets et r\u00e9alise leur reporting ;<\/li>\n \t<li style=\"color: #000; margin-top: -10px;\">Elle assure le fonctionnement op\u00e9rationnel quotidien de la Fondation.<\/li>\n<\/ul>\t\t\t\t\t\t<\/div>\n\t\t\t\t<\/div>\n\t\t\t\t\t<\/div>\n\t\t<\/div>\n\t\t\t\t\t<\/div>\n\t\t<\/section>\n\t\t\t\t<\/div>\n\t\t","protected":false},"excerpt":{"rendered":"<p>Pour assurer l\u2019efficacit\u00e9 de son action et la p\u00e9rennit\u00e9 de sa mission, la gouvernance de la fondation SScID est organis\u00e9e autour d\u2019une \u00e9quipe de permanents.\u00a0Le conseil de fondation et le conseil d&#8217;administration permettent d&#8217;assurer la p\u00e9rennit\u00e9 de sa mission. Les trois organes de gouvernance de la fondation SScID : I \u2013 le conseil d\u2019administration Il [&hellip;]<\/p>\n","protected":false},"author":2,"featured_media":0,"parent":0,"menu_order":0,"comment_status":"closed","ping_status":"closed","template":"","meta":{"footnotes":""},"class_list":["post-6189","page","type-page","status-publish","hentry"],"_links":{"self":[{"href":"https:\/\/sscid.org\/index.php\/wp-json\/wp\/v2\/pages\/6189","targetHints":{"allow":["GET"]}}],"collection":[{"href":"https:\/\/sscid.org\/index.php\/wp-json\/wp\/v2\/pages"}],"about":[{"href":"https:\/\/sscid.org\/index.php\/wp-json\/wp\/v2\/types\/page"}],"author":[{"embeddable":true,"href":"https:\/\/sscid.org\/index.php\/wp-json\/wp\/v2\/users\/2"}],"replies":[{"embeddable":true,"href":"https:\/\/sscid.org\/index.php\/wp-json\/wp\/v2\/comments?post=6189"}],"version-history":[{"count":48,"href":"https:\/\/sscid.org\/index.php\/wp-json\/wp\/v2\/pages\/6189\/revisions"}],"predecessor-version":[{"id":6769,"href":"https:\/\/sscid.org\/index.php\/wp-json\/wp\/v2\/pages\/6189\/revisions\/6769"}],"wp:attachment":[{"href":"https:\/\/sscid.org\/index.php\/wp-json\/wp\/v2\/media?parent=6189"}],"curies":[{"name":"wp","href":"https:\/\/api.w.org\/{rel}","templated":true}]}}