{"id":10,"date":"2022-06-13T11:09:21","date_gmt":"2022-06-13T11:09:21","guid":{"rendered":"https:\/\/sscid.org\/?page_id=10"},"modified":"2023-05-21T21:53:30","modified_gmt":"2023-05-21T21:53:30","slug":"faire-un-don","status":"publish","type":"page","link":"https:\/\/sscid.org\/index.php\/faire-un-don\/","title":{"rendered":"Faire un don"},"content":{"rendered":"\t\t<div data-elementor-type=\"wp-post\" data-elementor-id=\"10\" class=\"elementor elementor-10\" data-elementor-post-type=\"page\">\n\t\t\t\t\t\t<section class=\"elementor-section elementor-top-section elementor-element elementor-element-fb7c9da elementor-section-boxed elementor-section-height-default elementor-section-height-default\" data-id=\"fb7c9da\" data-element_type=\"section\">\n\t\t\t\t\t\t<div class=\"elementor-container elementor-column-gap-default\">\n\t\t\t\t\t<div class=\"elementor-column elementor-col-100 elementor-top-column elementor-element elementor-element-c26971e\" data-id=\"c26971e\" data-element_type=\"column\">\n\t\t\t<div class=\"elementor-widget-wrap elementor-element-populated\">\n\t\t\t\t\t\t<div class=\"elementor-element elementor-element-c6c3275 elementor-widget elementor-widget-text-editor\" data-id=\"c6c3275\" data-element_type=\"widget\" data-widget_type=\"text-editor.default\">\n\t\t\t\t<div class=\"elementor-widget-container\">\n\t\t\t\t\t\t\t<span style=\"color:#000\">Gr\u00e2ce \u00e0 votre don, nous serons en mesure de continuer notre travail vers une Afrique prosp\u00e8re o\u00f9 les populations sont heureuses l\u00e0 ou elles vivent. <\/span>\t\t\t\t\t\t<\/div>\n\t\t\t\t<\/div>\n\t\t\t\t<div class=\"elementor-element elementor-element-4f4764f elementor-widget elementor-widget-spacer\" data-id=\"4f4764f\" data-element_type=\"widget\" data-widget_type=\"spacer.default\">\n\t\t\t\t<div class=\"elementor-widget-container\">\n\t\t\t\t\t<div class=\"elementor-spacer\">\n\t\t\t<div class=\"elementor-spacer-inner\"><\/div>\n\t\t<\/div>\n\t\t\t\t<\/div>\n\t\t\t\t<\/div>\n\t\t\t\t\t<\/div>\n\t\t<\/div>\n\t\t\t\t\t<\/div>\n\t\t<\/section>\n\t\t\t\t<section class=\"elementor-section elementor-top-section elementor-element elementor-element-70d8ab5 elementor-section-boxed elementor-section-height-default elementor-section-height-default\" data-id=\"70d8ab5\" data-element_type=\"section\">\n\t\t\t\t\t\t<div class=\"elementor-container elementor-column-gap-default\">\n\t\t\t\t\t<div class=\"elementor-column elementor-col-50 elementor-top-column elementor-element elementor-element-015036e\" data-id=\"015036e\" data-element_type=\"column\">\n\t\t\t<div class=\"elementor-widget-wrap elementor-element-populated\">\n\t\t\t\t\t\t<div class=\"elementor-element elementor-element-1dc58af elementor-widget elementor-widget-image\" data-id=\"1dc58af\" data-element_type=\"widget\" data-widget_type=\"image.default\">\n\t\t\t\t<div class=\"elementor-widget-container\">\n\t\t\t\t\t\t\t\t\t\t\t\t\t<img fetchpriority=\"high\" decoding=\"async\" width=\"1024\" height=\"683\" src=\"https:\/\/sscid.org\/wp-content\/uploads\/2022\/12\/shaking-hands-two-young-men-suits-1024x683.jpg\" class=\"attachment-large size-large wp-image-6805\" alt=\"\" srcset=\"https:\/\/sscid.org\/wp-content\/uploads\/2022\/12\/shaking-hands-two-young-men-suits-1024x683.jpg 1024w, https:\/\/sscid.org\/wp-content\/uploads\/2022\/12\/shaking-hands-two-young-men-suits-scaled-1080x720.jpg 1080w, https:\/\/sscid.org\/wp-content\/uploads\/2022\/12\/shaking-hands-two-young-men-suits-300x200.jpg 300w, https:\/\/sscid.org\/wp-content\/uploads\/2022\/12\/shaking-hands-two-young-men-suits-768x512.jpg 768w, https:\/\/sscid.org\/wp-content\/uploads\/2022\/12\/shaking-hands-two-young-men-suits-1536x1024.jpg 1536w, https:\/\/sscid.org\/wp-content\/uploads\/2022\/12\/shaking-hands-two-young-men-suits-2048x1365.jpg 2048w\" sizes=\"(max-width: 1024px) 100vw, 1024px\" \/>\t\t\t\t\t\t\t\t\t\t\t\t\t<\/div>\n\t\t\t\t<\/div>\n\t\t\t\t\t<\/div>\n\t\t<\/div>\n\t\t\t\t<div class=\"elementor-column elementor-col-50 elementor-top-column elementor-element elementor-element-8b7d63f\" data-id=\"8b7d63f\" data-element_type=\"column\">\n\t\t\t<div class=\"elementor-widget-wrap elementor-element-populated\">\n\t\t\t\t\t\t<div class=\"elementor-element elementor-element-8ddd825 elementor-widget elementor-widget-spacer\" data-id=\"8ddd825\" data-element_type=\"widget\" data-widget_type=\"spacer.default\">\n\t\t\t\t<div class=\"elementor-widget-container\">\n\t\t\t\t\t<div class=\"elementor-spacer\">\n\t\t\t<div class=\"elementor-spacer-inner\"><\/div>\n\t\t<\/div>\n\t\t\t\t<\/div>\n\t\t\t\t<\/div>\n\t\t\t\t<div class=\"elementor-element elementor-element-9dd0b3d elementor-widget elementor-widget-heading\" data-id=\"9dd0b3d\" data-element_type=\"widget\" data-widget_type=\"heading.default\">\n\t\t\t\t<div class=\"elementor-widget-container\">\n\t\t\t<h5 class=\"elementor-heading-title elementor-size-default\"><a href=\"#\">Comment et qu'est-ce que vous pouvez donner ?<\/a><\/h5>\t\t<\/div>\n\t\t\t\t<\/div>\n\t\t\t\t<div class=\"elementor-element elementor-element-9ea5fe8 elementor-widget elementor-widget-text-editor\" data-id=\"9ea5fe8\" data-element_type=\"widget\" data-widget_type=\"text-editor.default\">\n\t\t\t\t<div class=\"elementor-widget-container\">\n\t\t\t\t\t\t\t<p><span style=\"color: #000;\">Vous pouvez donner si vous \u00eates un particulier, une institution ou une entreprise. En remplissant notre<a href=\"https:\/\/acted.iraiser.eu\/don\/~mon-don\"> formulaire de don<\/a>, vous avez le choix du montant et de la r\u00e9gularit\u00e9 de votre don: vous pouvez choisir un don unique ou un don mensuel.<\/span><\/p><p><span style=\"color: #000;\">Vous pouvez \u00e9galement nous contacter \u00e0 l\u2019adresse <a href=\"mailto:info@sscid.org\">info@sscid.org<\/a> pour organiser un l\u00e8gue ou si vous souhaitez organiser une campagne de fundraising, une donation ou un \u00e9v\u00e9nement dans votre entreprise.<\/span><\/p>\t\t\t\t\t\t<\/div>\n\t\t\t\t<\/div>\n\t\t\t\t\t<\/div>\n\t\t<\/div>\n\t\t\t\t\t<\/div>\n\t\t<\/section>\n\t\t\t\t<section class=\"elementor-section elementor-top-section elementor-element elementor-element-1d86eb2 elementor-section-boxed elementor-section-height-default elementor-section-height-default\" data-id=\"1d86eb2\" data-element_type=\"section\">\n\t\t\t\t\t\t<div class=\"elementor-container elementor-column-gap-default\">\n\t\t\t\t\t<div class=\"elementor-column elementor-col-100 elementor-top-column elementor-element elementor-element-0460aea\" data-id=\"0460aea\" data-element_type=\"column\">\n\t\t\t<div class=\"elementor-widget-wrap elementor-element-populated\">\n\t\t\t\t\t\t<div class=\"elementor-element elementor-element-112dbbc elementor-widget elementor-widget-spacer\" data-id=\"112dbbc\" data-element_type=\"widget\" data-widget_type=\"spacer.default\">\n\t\t\t\t<div class=\"elementor-widget-container\">\n\t\t\t\t\t<div class=\"elementor-spacer\">\n\t\t\t<div class=\"elementor-spacer-inner\"><\/div>\n\t\t<\/div>\n\t\t\t\t<\/div>\n\t\t\t\t<\/div>\n\t\t\t\t\t<\/div>\n\t\t<\/div>\n\t\t\t\t\t<\/div>\n\t\t<\/section>\n\t\t\t\t<\/div>\n\t\t","protected":false},"excerpt":{"rendered":"<p>Gr\u00e2ce \u00e0 votre don, nous serons en mesure de continuer notre travail vers une Afrique prosp\u00e8re o\u00f9 les populations sont heureuses l\u00e0 ou elles vivent. Comment et qu&#8217;est-ce que vous pouvez donner ? Vous pouvez donner si vous \u00eates un particulier, une institution ou une entreprise. En remplissant notre formulaire de don, vous avez le [&hellip;]<\/p>\n","protected":false},"author":3,"featured_media":0,"parent":0,"menu_order":0,"comment_status":"closed","ping_status":"closed","template":"","meta":{"footnotes":""},"class_list":["post-10","page","type-page","status-publish","hentry"],"_links":{"self":[{"href":"https:\/\/sscid.org\/index.php\/wp-json\/wp\/v2\/pages\/10","targetHints":{"allow":["GET"]}}],"collection":[{"href":"https:\/\/sscid.org\/index.php\/wp-json\/wp\/v2\/pages"}],"about":[{"href":"https:\/\/sscid.org\/index.php\/wp-json\/wp\/v2\/types\/page"}],"author":[{"embeddable":true,"href":"https:\/\/sscid.org\/index.php\/wp-json\/wp\/v2\/users\/3"}],"replies":[{"embeddable":true,"href":"https:\/\/sscid.org\/index.php\/wp-json\/wp\/v2\/comments?post=10"}],"version-history":[{"count":21,"href":"https:\/\/sscid.org\/index.php\/wp-json\/wp\/v2\/pages\/10\/revisions"}],"predecessor-version":[{"id":6972,"href":"https:\/\/sscid.org\/index.php\/wp-json\/wp\/v2\/pages\/10\/revisions\/6972"}],"wp:attachment":[{"href":"https:\/\/sscid.org\/index.php\/wp-json\/wp\/v2\/media?parent=10"}],"curies":[{"name":"wp","href":"https:\/\/api.w.org\/{rel}","templated":true}]}}